{"id":67,"date":"2024-03-26T15:20:19","date_gmt":"2024-03-26T15:20:19","guid":{"rendered":"https:\/\/fan.a2it.hr\/about-us\/"},"modified":"2024-08-14T13:27:26","modified_gmt":"2024-08-14T13:27:26","slug":"onama","status":"publish","type":"page","link":"https:\/\/fancy.hr\/?page_id=67","title":{"rendered":"O nama"},"content":{"rendered":"\t\t<div data-elementor-type=\"wp-page\" data-elementor-id=\"67\" class=\"elementor elementor-67\" data-elementor-post-type=\"page\">\n\t\t\t\t<div class=\"elementor-element elementor-element-206cfaa7 e-con-full e-flex e-con e-parent\" data-id=\"206cfaa7\" data-element_type=\"container\">\n\t\t<div class=\"elementor-element elementor-element-78c47c4d e-con-full e-flex e-con e-child\" data-id=\"78c47c4d\" data-element_type=\"container\">\n\t\t<div class=\"elementor-element elementor-element-41d89ffc e-con-full e-flex e-con e-child\" data-id=\"41d89ffc\" data-element_type=\"container\">\n\t\t\t\t<div class=\"elementor-element elementor-element-341e065e elementor-invisible elementor-widget elementor-widget-heading\" data-id=\"341e065e\" data-element_type=\"widget\" data-settings=\"{&quot;_animation&quot;:&quot;fadeIn&quot;}\" data-widget_type=\"heading.default\">\n\t\t\t\t<div class=\"elementor-widget-container\">\n\t\t\t<h1 class=\"elementor-heading-title elementor-size-default\">FANCY LIGHTS<\/h1>\t\t<\/div>\n\t\t\t\t<\/div>\n\t\t\t\t<div class=\"elementor-element elementor-element-180eb29b elementor-widget-divider--view-line elementor-invisible elementor-widget elementor-widget-divider\" data-id=\"180eb29b\" data-element_type=\"widget\" data-settings=\"{&quot;_animation&quot;:&quot;fadeIn&quot;,&quot;_animation_delay&quot;:&quot;200&quot;}\" data-widget_type=\"divider.default\">\n\t\t\t\t<div class=\"elementor-widget-container\">\n\t\t\t\t\t<div class=\"elementor-divider\">\n\t\t\t<span class=\"elementor-divider-separator\">\n\t\t\t\t\t\t<\/span>\n\t\t<\/div>\n\t\t\t\t<\/div>\n\t\t\t\t<\/div>\n\t\t\t\t<div class=\"elementor-element elementor-element-542f9ae3 elementor-invisible elementor-widget elementor-widget-heading\" data-id=\"542f9ae3\" data-element_type=\"widget\" data-settings=\"{&quot;_animation&quot;:&quot;fadeIn&quot;,&quot;_animation_delay&quot;:&quot;400&quot;}\" data-widget_type=\"heading.default\">\n\t\t\t\t<div class=\"elementor-widget-container\">\n\t\t\t<h2 class=\"elementor-heading-title elementor-size-default\">Specijalisti za rasvjetu od 1993. godine<\/h2>\t\t<\/div>\n\t\t\t\t<\/div>\n\t\t\t\t<div class=\"elementor-element elementor-element-4fa6869c elementor-widget elementor-widget-text-editor\" data-id=\"4fa6869c\" data-element_type=\"widget\" data-widget_type=\"text-editor.default\">\n\t\t\t\t<div class=\"elementor-widget-container\">\n\t\t\t\t\t\t\t<p>Na\u0161a pri\u010da stvarala se je s vremenom i dostupnim tehnologijama, iskustvom nau\u010denim na vlastitim pogre\u0161kama, zadovoljnim klijentima s kojima smo u poslovnom ili privatnom kontaktu od samih po\u010detaka na\u0161eg poslovanja.<\/p><p>Bavimo se rasvjetnim rje\u0161enjima koja prilago\u0111avamo potrebama Va\u0161ih projekata ili Va\u0161im \u017eeljama koja znaju biti \u010desto vrlo izazovne.<\/p><p>Rasvjetu prilago\u0111avamo vanjskom ili unutarnjem prostoru, aktualnim trendovima, a na na\u010din da je boravak ili ukupan dojam potpuno prilago\u0111en ugodnom boravku onima koji su okru\u017eeni takvom rasvjetom\u2026<\/p>\t\t\t\t\t\t<\/div>\n\t\t\t\t<\/div>\n\t\t\t\t<\/div>\n\t\t\t\t<div class=\"elementor-element elementor-element-5cba87b3 animated-fast elementor-invisible elementor-widget elementor-widget-button\" data-id=\"5cba87b3\" data-element_type=\"widget\" data-settings=\"{&quot;_animation&quot;:&quot;slideInDown&quot;,&quot;_animation_delay&quot;:&quot;600&quot;}\" data-widget_type=\"button.default\">\n\t\t\t\t<div class=\"elementor-widget-container\">\n\t\t\t\t\t<div class=\"elementor-button-wrapper\">\n\t\t\t<a class=\"elementor-button elementor-button-link elementor-size-sm\" href=\"#perfectresults\">\n\t\t\t\t\t\t<span class=\"elementor-button-content-wrapper\">\n\t\t\t\t\t\t<span class=\"elementor-button-icon\">\n\t\t\t\t<svg xmlns=\"http:\/\/www.w3.org\/2000\/svg\" id=\"ec71c4d0-af1b-41dd-bb86-7ac14096a6ec\" data-name=\"Layer 1\" width=\"19.2\" height=\"24.2358\" viewBox=\"0 0 19.2 24.2358\"><polygon points=\"18 15.2 10.3 21 10.3 0 8.3 0 8.3 20.9 1.2 15.2 0 16.7 9.275 24.236 19.2 16.8 18 15.2\"><\/polygon><\/svg>\t\t\t<\/span>\n\t\t\t\t\t\t\t\t<\/span>\n\t\t\t\t\t<\/a>\n\t\t<\/div>\n\t\t\t\t<\/div>\n\t\t\t\t<\/div>\n\t\t\t\t<\/div>\n\t\t<div class=\"elementor-element elementor-element-7d64e8a9 e-con-full e-flex e-con e-child\" data-id=\"7d64e8a9\" data-element_type=\"container\" data-settings=\"{&quot;background_background&quot;:&quot;classic&quot;}\">\n\t\t\t\t<\/div>\n\t\t\t\t<\/div>\n\t\t<div class=\"elementor-element elementor-element-6016ba78 e-con-full e-flex e-con e-parent\" data-id=\"6016ba78\" data-element_type=\"container\">\n\t\t<div class=\"elementor-element elementor-element-44d54177 e-con-full e-flex e-con e-child\" data-id=\"44d54177\" data-element_type=\"container\" data-settings=\"{&quot;background_background&quot;:&quot;classic&quot;}\">\n\t\t\t\t<\/div>\n\t\t<div class=\"elementor-element elementor-element-3f640fae e-con-full e-flex e-con e-child\" data-id=\"3f640fae\" data-element_type=\"container\">\n\t\t\t\t<div class=\"elementor-element elementor-element-51786963 elementor-widget-divider--view-line elementor-invisible elementor-widget elementor-widget-divider\" data-id=\"51786963\" data-element_type=\"widget\" data-settings=\"{&quot;_animation&quot;:&quot;slideInRight&quot;}\" data-widget_type=\"divider.default\">\n\t\t\t\t<div class=\"elementor-widget-container\">\n\t\t\t\t\t<div class=\"elementor-divider\">\n\t\t\t<span class=\"elementor-divider-separator\">\n\t\t\t\t\t\t<\/span>\n\t\t<\/div>\n\t\t\t\t<\/div>\n\t\t\t\t<\/div>\n\t\t\t\t<div class=\"elementor-element elementor-element-5b4d204e elementor-invisible elementor-widget elementor-widget-heading\" data-id=\"5b4d204e\" data-element_type=\"widget\" data-settings=\"{&quot;_animation&quot;:&quot;fadeIn&quot;,&quot;_animation_delay&quot;:&quot;400&quot;}\" data-widget_type=\"heading.default\">\n\t\t\t\t<div class=\"elementor-widget-container\">\n\t\t\t<h3 class=\"elementor-heading-title elementor-size-default\">Imate li pitanja<\/h3>\t\t<\/div>\n\t\t\t\t<\/div>\n\t\t\t\t<div class=\"elementor-element elementor-element-4c4472a6 elementor-widget elementor-widget-text-editor\" data-id=\"4c4472a6\" data-element_type=\"widget\" data-widget_type=\"text-editor.default\">\n\t\t\t\t<div class=\"elementor-widget-container\">\n\t\t\t\t\t\t\t<p>Slobodno nam se obratite putem forme i provjerite dostupnost i cijene na\u0161ih proizvoda<\/p>\t\t\t\t\t\t<\/div>\n\t\t\t\t<\/div>\n\t\t\t\t<div class=\"elementor-element elementor-element-45f7692 elementor-widget elementor-widget-button\" data-id=\"45f7692\" data-element_type=\"widget\" data-widget_type=\"button.default\">\n\t\t\t\t<div class=\"elementor-widget-container\">\n\t\t\t\t\t<div class=\"elementor-button-wrapper\">\n\t\t\t<a class=\"elementor-button elementor-button-link elementor-size-sm\" href=\"mailto:ured1@fancy.hr\">\n\t\t\t\t\t\t<span class=\"elementor-button-content-wrapper\">\n\t\t\t\t\t\t\t\t\t<span class=\"elementor-button-text\">Kontaktiraj nas<\/span>\n\t\t\t\t\t<\/span>\n\t\t\t\t\t<\/a>\n\t\t<\/div>\n\t\t\t\t<\/div>\n\t\t\t\t<\/div>\n\t\t\t\t<\/div>\n\t\t\t\t<\/div>\n\t\t\t\t<\/div>\n\t\t","protected":false},"excerpt":{"rendered":"<p>FANCY LIGHTS Specijalisti za rasvjetu od 1993. godine Na\u0161a pri\u010da stvarala se je s vremenom i dostupnim tehnologijama, iskustvom nau\u010denim na vlastitim pogre\u0161kama, zadovoljnim klijentima s kojima smo u poslovnom ili privatnom kontaktu od samih po\u010detaka na\u0161eg poslovanja. Bavimo se rasvjetnim rje\u0161enjima koja prilago\u0111avamo potrebama Va\u0161ih projekata ili Va\u0161im \u017eeljama koja znaju biti \u010desto vrlo [&hellip;]<\/p>\n","protected":false},"author":1,"featured_media":0,"parent":0,"menu_order":0,"comment_status":"closed","ping_status":"closed","template":"","meta":{"_siteseo_robots_primary_cat":"","footnotes":""},"class_list":["post-67","page","type-page","status-publish","hentry"],"_links":{"self":[{"href":"https:\/\/fancy.hr\/index.php?rest_route=\/wp\/v2\/pages\/67","targetHints":{"allow":["GET"]}}],"collection":[{"href":"https:\/\/fancy.hr\/index.php?rest_route=\/wp\/v2\/pages"}],"about":[{"href":"https:\/\/fancy.hr\/index.php?rest_route=\/wp\/v2\/types\/page"}],"author":[{"embeddable":true,"href":"https:\/\/fancy.hr\/index.php?rest_route=\/wp\/v2\/users\/1"}],"replies":[{"embeddable":true,"href":"https:\/\/fancy.hr\/index.php?rest_route=%2Fwp%2Fv2%2Fcomments&post=67"}],"version-history":[{"count":14,"href":"https:\/\/fancy.hr\/index.php?rest_route=\/wp\/v2\/pages\/67\/revisions"}],"predecessor-version":[{"id":610,"href":"https:\/\/fancy.hr\/index.php?rest_route=\/wp\/v2\/pages\/67\/revisions\/610"}],"wp:attachment":[{"href":"https:\/\/fancy.hr\/index.php?rest_route=%2Fwp%2Fv2%2Fmedia&parent=67"}],"curies":[{"name":"wp","href":"https:\/\/api.w.org\/{rel}","templated":true}]}}